{"id":2,"date":"2015-08-11T18:18:26","date_gmt":"2015-08-11T18:18:26","guid":{"rendered":"http:\/\/screenweaver.de\/agency\/?page_id=2"},"modified":"2025-12-20T09:26:42","modified_gmt":"2025-12-20T09:26:42","slug":"service-paket","status":"publish","type":"page","link":"https:\/\/screenweaver.de\/agency\/service-paket\/","title":{"rendered":"Service Paket"},"content":{"rendered":"<!--themify_builder_content-->\n<div id=\"themify_builder_content-2\" data-postid=\"2\" class=\"themify_builder_content themify_builder_content-2 themify_builder tf_clear\">\n                    <div  data-lazy=\"1\" class=\"module_row themify_builder_row tb_z5i0096 tb_first tf_w\">\n                        <div class=\"row_inner col_align_top tb_col_count_3 tf_box tf_rel\">\n                        <div  data-lazy=\"1\" class=\"module_column tb-column col4-1  tb_fd4k090 first\">\n                    <!-- module feature -->\n<div  class=\"module module-feature tb_ft0r005 no-chart layout-icon-left size-small \" data-layout-mobile=\"icon-top\" data-layout-desktop=\"icon-left\" data-lazy=\"1\">\n        <div class=\"module-feature-image tf_textc tf_rel\">\n                            <span class=\"module-feature-chart-html5 tf_box tf_rel tf_inline_b\">\n                                <span class=\"chart-html5-circle tf_w tf_h\">\n                                    <\/span>\n\n                \n            <\/span>\n                <\/div>\n    <div class=\"module-feature-content tf_textc\">\n                <div class=\"tb_text_wrap\">\n                    <\/div>\n    <\/div>\n<\/div>\n<!-- \/module feature -->\n        <\/div>\n                    <div  data-lazy=\"1\" class=\"module_column tb-column col4-2 tb_lowu995\">\n                    <!-- module text -->\n<div  class=\"module module-text tb_fwh9000   \" data-lazy=\"1\">\n        <div  class=\"tb_text_wrap\">\n        <h4>Maintenance Plan<\/h4><p>Eine Webseite kann sehr schnell komplex werden und gerade bei Webseiten mit Wertsch\u00f6pfungsketten wie Onlineverkauf, Services, Kommunikation bzw. Datenaustausch ist jedes Unternehmen auf einen reibungslosen Ablauf angewiesen. Wer jemals einen Datengau hatte, weiss wieviel Arbeit, Geld oder Reputation das kosten kann. Sicherheit und Service bzw. regelm\u00e4ssige Pflege einer Webseite ist an vielen Stellen wichtig.<\/p>    <\/div>\n<\/div>\n<!-- \/module text -->        <\/div>\n                    <div  data-lazy=\"1\" class=\"module_column tb-column col4-1  tb_38lt911 last\">\n                            <\/div>\n                        <\/div>\n        <\/div>\n                        <div  data-lazy=\"1\" class=\"module_row themify_builder_row tb_ox0u001 tf_w\">\n                        <div class=\"row_inner col_align_top tb_col_count_3 tf_box tf_rel\">\n                        <div  data-lazy=\"1\" class=\"module_column tb-column col3-1  tb_x4dz550 first\">\n                    <!-- module box -->\n<div  class=\"module module-box tb_cf6q112 \" data-lazy=\"1\">\n<h3 class=\"module-title\">WordPress, Joomla Updates<\/h3>    <div class=\"module-box-content ui   tb_default_color\">\n                <div class=\"tb_text_wrap\"><p>Sobald Wordpress bzw. Joomla eine neue Version ver\u00f6ffentlicht, wird die Aktualisierung im Hintergrund durchgef\u00fchrt und die Gesamtinstallation anschliessend auf Integrit\u00e4t \u00fcberpr\u00fcft.<\/p><\/div>\n    <\/div>\n<\/div>\n<!-- \/module box -->\n        <\/div>\n                    <div  data-lazy=\"1\" class=\"module_column tb-column col3-1 tb_zxjq010\">\n                    <!-- module box -->\n<div  class=\"module module-box tb_idx9100 \" data-lazy=\"1\">\n<h3 class=\"module-title\">Plugin Updates<\/h3>    <div class=\"module-box-content ui   tb_default_color\">\n                <div class=\"tb_text_wrap\"><p>Die Plugins von Drittherstellern verbessern ihre Anwendungen laufend in Hinsicht auf Sicherheit und Features und werden zeitnah auf den neuesten Stand gebracht.<\/p><\/div>\n    <\/div>\n<\/div>\n<!-- \/module box -->\n        <\/div>\n                    <div  data-lazy=\"1\" class=\"module_column tb-column col3-1  tb_flsd500 last\">\n                    <!-- module box -->\n<div  class=\"module module-box tb_obbr050 \" data-lazy=\"1\">\n<h3 class=\"module-title\">Dateien Backup<\/h3>    <div class=\"module-box-content ui   tb_default_color\">\n                <div class=\"tb_text_wrap\"><p>Die Daten der kompletten Wordpress oder Joomla Installation wird nach einem festgelegten Intervall als Backup gespeichert mit verschiedenen M\u00f6glichkeiten in der Cloud.<\/p><\/div>\n    <\/div>\n<\/div>\n<!-- \/module box -->\n        <\/div>\n                        <\/div>\n        <\/div>\n                        <div  data-lazy=\"1\" class=\"module_row themify_builder_row tb_dwzi000 tf_w\">\n                        <div class=\"row_inner col_align_top tb_col_count_3 tf_box tf_rel\">\n                        <div  data-lazy=\"1\" class=\"module_column tb-column col3-1  tb_ligk075 first\">\n                    <!-- module box -->\n<div  class=\"module module-box tb_tgxw001 \" data-lazy=\"1\">\n<h3 class=\"module-title\">Datenbank Backup<\/h3>    <div class=\"module-box-content ui   tb_default_color\">\n                <div class=\"tb_text_wrap\"><p>Neben den Installations-Dateien ist ein regelm\u00e4ssiges Backup der Datenbank die wichtigste Massnahme. Bei Shopsystemen u.\u00e4. Anwendungen mindestens t\u00e4glich.<\/p><\/div>\n    <\/div>\n<\/div>\n<!-- \/module box -->\n        <\/div>\n                    <div  data-lazy=\"1\" class=\"module_column tb-column col3-1 tb_pg19009\">\n                    <!-- module box -->\n<div  class=\"module module-box tb_4u1b505 \" data-lazy=\"1\">\n<h3 class=\"module-title\">Datenbank Optimierung<\/h3>    <div class=\"module-box-content ui   tb_default_color\">\n                <div class=\"tb_text_wrap\"><p>Datenbanken sollten von Zeit zu Zeit \u00fcberpr\u00fcft und optimiert bzw. repariert werden. Backup der Datenbank erfolgt zeitgleich mit Datenbackups.<\/p><\/div>\n    <\/div>\n<\/div>\n<!-- \/module box -->\n        <\/div>\n                    <div  data-lazy=\"1\" class=\"module_column tb-column col3-1  tb_ev5q001 last\">\n                    <!-- module box -->\n<div  class=\"module module-box tb_7gad510 \" data-lazy=\"1\">\n<h3 class=\"module-title\">Scan Malware<\/h3>    <div class=\"module-box-content ui   tb_default_color\">\n                <div class=\"tb_text_wrap\"><p>Eine Scan-Engine untersucht die komplette Installation nach festgelegten Timing.<\/p><\/div>\n    <\/div>\n<\/div>\n<!-- \/module box -->\n        <\/div>\n                        <\/div>\n        <\/div>\n                        <div  data-lazy=\"1\" class=\"module_row themify_builder_row tb_fjf4131 tf_w\">\n                        <div class=\"row_inner col_align_top tb_col_count_3 tf_box tf_rel\">\n                        <div  data-lazy=\"1\" class=\"module_column tb-column col3-1  tb_nfts031 first\">\n                    <!-- module box -->\n<div  class=\"module module-box tb_gwvy010 \" data-lazy=\"1\">\n<h3 class=\"module-title\">Mail\/Skype Support<\/h3>    <div class=\"module-box-content ui   tb_default_color\">\n                <div class=\"tb_text_wrap\"><p>Spezielle Vorkommnisse oder f\u00fcr Fragen und Antworten ist die Kommunikation per Mail und Skype Support m\u00f6glich.<\/p><\/div>\n    <\/div>\n<\/div>\n<!-- \/module box -->\n        <\/div>\n                    <div  data-lazy=\"1\" class=\"module_column tb-column col3-1 tb_se75101\">\n                    <!-- module box -->\n<div  class=\"module module-box tb_wisv000 \" data-lazy=\"1\">\n<h3 class=\"module-title\">Option Test-Installationen<\/h3>    <div class=\"module-box-content ui   tb_default_color\">\n                <div class=\"tb_text_wrap\"><p>Es besteht die M\u00f6glichkeit, neue Funktionen, Updates und Templatewechsel zun\u00e4chst in einer Testumgebung auf Funktion zu pr\u00fcfen. Dieser Service ist optional und nicht Bestandteil des Angebots.<\/p><\/div>\n    <\/div>\n<\/div>\n<!-- \/module box -->\n        <\/div>\n                    <div  data-lazy=\"1\" class=\"module_column tb-column col3-1  tb_kuo2711 last\">\n                    <!-- module box -->\n<div  class=\"module module-box tb_iips005 \" data-lazy=\"1\">\n<h3 class=\"module-title\">Option Sicherheits\u00fcberpr\u00fcfungen<\/h3>    <div class=\"module-box-content ui   tb_default_color\">\n                <div class=\"tb_text_wrap\"><p>Verschiedene Sicherheitsmerkmale wie Passw\u00f6rter, Zug\u00e4nge, Integrit\u00e4tspr\u00fcfungen oder Verzeichnisschutz k\u00f6nnen angelegt und regelm\u00e4ssig \u00fcberpr\u00fcft werden. (Optional, nicht Bestandteil des Angebots)<\/p><\/div>\n    <\/div>\n<\/div>\n<!-- \/module box -->\n        <\/div>\n                        <\/div>\n        <\/div>\n                        <div  data-lazy=\"1\" class=\"module_row themify_builder_row tb_h2jy510 tf_w\">\n                        <div class=\"row_inner col_align_top tb_col_count_1 tf_box tf_rel\">\n                        <div  data-lazy=\"1\" class=\"module_column tb-column col-full   tb_u0dx150 first\">\n                            <div  data-lazy=\"1\" class=\"module_subrow themify_builder_sub_row tf_w col_align_top tb_col_count_2 tb_vudx500\">\n                <div  data-lazy=\"1\" class=\"module_column sub_column col4-2  tb_pil1011 first\">\n                    <div  id=\"tb_x4m1210\" class=\"module module-pricing-table ui tb_x4m1210 rounded gradient gray  tf_textc tf_rel tf_w\" data-lazy=\"1\">\n\t\t\n\t\n    <div class=\"module-pricing-table-header tf_rel ui gray rounded gradient\" >\n\t\t\t\t\t<span class=\"module-pricing-table-title tf_block tf_w\">\n\t\t\t\t\t\t\t\t\t<span><svg  class=\"tf_fa tf-fas-adjust\" aria-hidden=\"true\"><use href=\"#tf-fas-adjust\"><\/use><\/svg><\/span>\n\t\t\t\t\t\t\t\t<span>Paket A<\/span>\n\t\t\t<\/span>\n\t\t\t\t\t\t\t<span class=\"module-pricing-table-price tf_block tf_w\">\u20ac 19<\/span>\n\t\t\t\t\t\t\t<p class=\"module-pricing-table-reccuring-fee\">pro Monat<\/p>\n\t\t\t\t\t\t\t<p class=\"module-pricing-table-description\">Leistungen<\/p>\n\t\t    <\/div><!-- .module-pricing-table-header -->\n    <div class=\"module-pricing-table-content tf_box tf_w\">\n\t\t\t\t\t\t\t\t\t\t\t\t\t\t<div class=\"module-pricing-table-features\">Ideal f\u00fcr Personen + Small Business Websites<\/div>\n\t\t\t\t\t\t\t\t\t\t\t\t\t\t\t\t<div class=\"module-pricing-table-features\">    <\/div>\n\t\t\t\t\t\t\t\t\t\t\t\t\t\t\t\t<div class=\"module-pricing-table-features\">    WordPress, Joomla Core Updates<\/div>\n\t\t\t\t\t\t\t\t\t\t\t\t\t\t\t\t<div class=\"module-pricing-table-features\">    Plugin Updates<\/div>\n\t\t\t\t\t\t\t\t\t\t\t\t\t\t\t\t<div class=\"module-pricing-table-features\">    Komplette Daten Backups<\/div>\n\t\t\t\t\t\t\t\t\t\t\t\t\t\t\t\t<div class=\"module-pricing-table-features\">1 GB Backupspeicher inkl. (erweiterbar)<\/div>\n\t\t\t\t\t\t\t\t\t\t\t\t\t\t\t\t<div class=\"module-pricing-table-features\">    Integrity Test<\/div>\n\t\t\t\t\t\t\t\t\t\t\t\t\t\t\t\t<div class=\"module-pricing-table-features\">    Datenbank Backups<\/div>\n\t\t\t\t\t\t\t\t\t\t\t\t\t\t\t\t<div class=\"module-pricing-table-features\">    Datenbank Optimierung<\/div>\n\t\t\t\t\t\t\t\t\t\t\t\t\t\t\t\t<div class=\"module-pricing-table-features\">Einbau Sicherheitsplugin falls nicht vorhanden<\/div>\n\t\t\t\t\t\t\t\t\t\t\t\t\t\t\t\t<div class=\"module-pricing-table-features\">Mail\/Skype Support im Notfall<\/div>\n\t\t\t\t\t\t\t\t\t\t\t\t\t\t\t\t\t\t\t\t\t\t\t<div class=\"module-pricing-table-features\">Not included:<\/div>\n\t\t\t\t\t\t\t\t\t\t\t\t\t\t\t\t\t\t\t\t\t\t\t<div class=\"module-pricing-table-features unavailable-features\">Malware Scan<\/div>\n\t\t\t\t\t\t\t\t\t\t\t\t\t\t\t\t<div class=\"module-pricing-table-features unavailable-features\">Mail\/Skype Support<\/div>\n\t\t\t\t\t\t\t\t\t\t\t\t\t\t\t\t<div class=\"module-pricing-table-features unavailable-features\">Cache Management und Monitoring<\/div>\n\t\t\t\t\t\t\t\t\t\t\t\t\t\t\t\t<div class=\"module-pricing-table-features unavailable-features\">Daten und Ordnerabsicherung<\/div>\n\t\t\t\t\t\t\t\t\t\t\t\t\t\t\t\t<div class=\"module-pricing-table-features unavailable-features\">Testinstallation mit Lauff\u00e4higkeitspr\u00fcfung<\/div>\n\t\t\t\t\t\t\t\t\t\t\t\t\t\t\t\t<div class=\"module-pricing-table-features unavailable-features\">Reports<\/div>\n\t\t\t\t\t\t\t\t\t\t\t\t\t\t\t\t<div class=\"module-pricing-table-features unavailable-features\">Fehler die durch oder in Plugins auftreten und Beseitigung von Fehlern von Themes und Wordpress Core selbst ist nicht Teil der Servicevereinbarung.<\/div>\n\t\t\t\t\t\t\t\t\t\t\t\t\t\t\t\t\t<a class=\"module-pricing-table-button tf_rel ui gray rounded gradient\" href=\"&#x6d;&#x61;&#105;&#108;t&#x6f;&#x3a;&#x6d;&#97;il&#x40;&#x73;&#99;&#114;e&#x65;&#x6e;&#x77;&#101;av&#x65;&#x72;&#46;&#100;e?subject=Wordpress Service Paket A&amp;body=Maintenance Plan A\">\n\t\t\t\tAnfrage \n\t\t\t<\/a> \n\t\t    <\/div><!-- .module-pricing-table-content -->\n\t<\/div><!-- \/module pricing-table -->\n        <\/div>\n                    <div  data-lazy=\"1\" class=\"module_column sub_column col4-2  tb_n52s001 last\">\n                    <div  id=\"tb_tzcr105\" class=\"module module-pricing-table ui tb_tzcr105 rounded gradient orange  tf_textc tf_rel tf_w\" data-lazy=\"1\">\n\t\t\n\t\n    <div class=\"module-pricing-table-header tf_rel ui orange rounded gradient\" >\n\t\t\t\t\t<span class=\"module-pricing-table-title tf_block tf_w\">\n\t\t\t\t\t\t\t\t\t<span><svg  class=\"tf_fa tf-fas-adjust\" aria-hidden=\"true\"><use href=\"#tf-fas-adjust\"><\/use><\/svg><\/span>\n\t\t\t\t\t\t\t\t<span>Paket B<\/span>\n\t\t\t<\/span>\n\t\t\t\t\t\t\t<span class=\"module-pricing-table-price tf_block tf_w\">\u20ac 44<\/span>\n\t\t\t\t\t\t\t<p class=\"module-pricing-table-reccuring-fee\">pro Monat<\/p>\n\t\t\t\t\t\t\t<p class=\"module-pricing-table-description\">Leistungen<\/p>\n\t\t    <\/div><!-- .module-pricing-table-header -->\n    <div class=\"module-pricing-table-content tf_box tf_w\">\n\t\t\t\t\t\t\t\t\t\t\t\t\t\t<div class=\"module-pricing-table-features\">Geeignet f\u00fcr Firmen- und Shop Portale<\/div>\n\t\t\t\t\t\t\t\t\t\t\t\t\t\t\t\t\t\t\t\t\t\t\t<div class=\"module-pricing-table-features\">WordPress, Joomla Core Updates<\/div>\n\t\t\t\t\t\t\t\t\t\t\t\t\t\t\t\t<div class=\"module-pricing-table-features\">Plugin Updates<\/div>\n\t\t\t\t\t\t\t\t\t\t\t\t\t\t\t\t<div class=\"module-pricing-table-features\">Komplette Daten Backups<\/div>\n\t\t\t\t\t\t\t\t\t\t\t\t\t\t\t\t<div class=\"module-pricing-table-features\">Integrity Test<\/div>\n\t\t\t\t\t\t\t\t\t\t\t\t\t\t\t\t<div class=\"module-pricing-table-features\">Datenbank Backups<\/div>\n\t\t\t\t\t\t\t\t\t\t\t\t\t\t\t\t<div class=\"module-pricing-table-features\">2 GB Online-Backupspeicher inkl. (erweiterbar)<\/div>\n\t\t\t\t\t\t\t\t\t\t\t\t\t\t\t\t<div class=\"module-pricing-table-features\">Datenbank Optimierung<\/div>\n\t\t\t\t\t\t\t\t\t\t\t\t\t\t\t\t<div class=\"module-pricing-table-features\">Failed Login Attempts Monitoring<\/div>\n\t\t\t\t\t\t\t\t\t\t\t\t\t\t\t\t<div class=\"module-pricing-table-features\">Reports<\/div>\n\t\t\t\t\t\t\t\t\t\t\t\t\t\t\t\t<div class=\"module-pricing-table-features\">Malware Scan<\/div>\n\t\t\t\t\t\t\t\t\t\t\t\t\t\t\t\t<div class=\"module-pricing-table-features\">Password Checks<\/div>\n\t\t\t\t\t\t\t\t\t\t\t\t\t\t\t\t<div class=\"module-pricing-table-features\">Cache Management and Monitoring<\/div>\n\t\t\t\t\t\t\t\t\t\t\t\t\t\t\t\t<div class=\"module-pricing-table-features\">Daten und Ordnerabsicherung<\/div>\n\t\t\t\t\t\t\t\t\t\t\t\t\t\t\t\t<div class=\"module-pricing-table-features\">Einbau Sicherheitsplugin falls nicht vorhanden<\/div>\n\t\t\t\t\t\t\t\t\t\t\t\t\t\t\t\t<div class=\"module-pricing-table-features\">Mail\/Skype Support<\/div>\n\t\t\t\t\t\t\t\t\t\t\t\t\t\t\t\t\t\t\t\t\t\t\t<div class=\"module-pricing-table-features\">Not included:<\/div>\n\t\t\t\t\t\t\t\t\t\t\t\t\t\t\t\t\t\t\t\t\t\t\t<div class=\"module-pricing-table-features unavailable-features\">Fehler die durch oder in Plugins auftreten und Beseitigung von Fehlern von Themes und Wordpress Core selbst ist nicht Teil der Servicevereinbarung.<\/div>\n\t\t\t\t\t\t\t\t\t\t\t\t\t\t\t\t\t<a class=\"module-pricing-table-button tf_rel ui orange rounded gradient\" href=\"&#x6d;&#x61;&#x69;&#x6c;&#x74;&#x6f;&#x3a;&#x6d;&#x61;&#x69;&#x6c;&#64;&#115;&#99;&#114;&#101;&#101;&#110;weaver&#x2e;&#x64;&#x65;?subject=Wordpress Service Paket B&amp;body=Maintenance Plan B\">\n\t\t\t\tAnfrage \n\t\t\t<\/a> \n\t\t    <\/div><!-- .module-pricing-table-content -->\n\t<\/div><!-- \/module pricing-table -->\n        <\/div>\n                    <\/div>\n                <\/div>\n                        <\/div>\n        <\/div>\n                        <div  data-lazy=\"1\" class=\"module_row themify_builder_row tb_vc39001 tf_w\">\n                        <div class=\"row_inner col_align_top tb_col_count_2 tf_box tf_rel\">\n                        <div  data-lazy=\"1\" class=\"module_column tb-column col3-1  tb_ku31560 first\">\n                    <!-- module feature -->\n<div  class=\"module module-feature tb_erfa510 with-chart layout-icon-top size-medium \" data-layout-mobile=\"icon-top\" data-layout-desktop=\"icon-top\" data-lazy=\"1\">\n        <div class=\"module-feature-image tf_textc tf_rel\">\n                            <span class=\"module-feature-chart-html5 tf_box tf_rel tf_inline_b\">\n                                    <svg class=\"tf_abs tf_w tf_h\">\n                    <circle class=\"tb_feature_fill\" r=\"calc(50% - 1.00px)\" cx=\"50%\" cy=\"50%\" stroke-width=\"2\"\/>\n                    <circle class=\"tb_feature_stroke\" r=\"calc(50% - 1.00px)\" cx=\"50%\" cy=\"50%\" stroke=\"#575454\" stroke-width=\"2\" data-progress=\"100\" stroke-dasharray=\"0,10000\"\/>\n                                        <\/svg>\n                                <span class=\"chart-html5-circle tf_w tf_h\">\n                    <img decoding=\"async\" src=\"http:\/\/screenweaver.de\/agency\/wp-content\/uploads\/2016\/11\/Dopese_017_10b13_Soulmate1.jpg\" width=\"150\" height=\"150\" style=\"width:calc(100% - 4px);height:calc(100% - 4px)\" alt=\"soulmate\">                                    <\/span>\n\n                \n            <\/span>\n                <\/div>\n    <div class=\"module-feature-content tf_textc\">\n                <div class=\"tb_text_wrap\">\n                    <\/div>\n    <\/div>\n<\/div>\n<!-- \/module feature -->\n        <\/div>\n                    <div  data-lazy=\"1\" class=\"module_column tb-column col3-2  tb_0ka5517 last\">\n                    <!-- module text -->\n<div  class=\"module module-text tb_63ud121   \" data-lazy=\"1\">\n        <div  class=\"tb_text_wrap\">\n        <h4>Wartungsplan<\/h4><p>Gehen wir davon aus, Sie nehmen sich einmal die Woche Zeit f\u00fcr Updates und Backups Ihrer Website. Mittlerweile ben\u00f6tigen Sie mit \u00dcbung darin ca. 30 Minuten.<\/p><p><strong>Allein dies kostet Sie neben inhaltlichen Arbeiten bereits jeden Monat minestens 2 Stunden Arbeit, abgesehen von weiteren notwendigen Massnahmen die unser Wartungsplan vorsieht.<\/strong><\/p><p>Und was geschieht, wenn wirklich einmal etwas schief geht? Wer \u00fcberwacht die Website auf n\u00f6tige Updates, Fehlfunktionen, Anmeldeversuche oder Malware?\u00a0Wie lange dauert es, bis Sie es merken w\u00fcrden? Wie schnell k\u00f6nnten Sie ein Backup Ihrer Website wiederherstellen?<\/p><p><strong>F\u00fcr den Preis einer halben Tasse Kaffee pro Tag, k\u00f6nnen Sie sich ein f\u00fcr allemal von allen l\u00e4stigen Website Wartungs- und Backup-Aufgaben befreien.<\/strong><\/p><h2>Optional:<\/h2><p><strong>F\u00fcr alle Massnahmen wie z.B. Aufgaben oder Reparaturen, die ausserhalb des Wartungsplans beauftragt werden, stellen wir einen Stundensatz von <span style=\"font-size: 14pt\">65 EUR<\/span> in Rechnung, und\/oder nach vorheriger Absprache! <\/strong><\/p><p><strong>Achtung, das gilt z.B. auch f\u00fcr Massnahmen nach Wordpress oder Plugin Updates, die anschliessend Fehler verursachen.<br \/><\/strong><\/p>    <\/div>\n<\/div>\n<!-- \/module text -->        <\/div>\n                        <\/div>\n        <\/div>\n                        <div  data-lazy=\"1\" class=\"module_row themify_builder_row tb_ujr0290 tf_w\">\n                        <div class=\"row_inner col_align_top tb_col_count_1 tf_box tf_rel\">\n                        <div  data-lazy=\"1\" class=\"module_column tb-column col-full   tb_l9fw110 first\">\n                    <!-- module text -->\n<div  class=\"module module-text tb_drd8103   \" data-lazy=\"1\">\n        <div  class=\"tb_text_wrap\">\n        <h2>Weitere Serviceleistungen<\/h2>    <\/div>\n<\/div>\n<!-- \/module text -->        <div  data-lazy=\"1\" class=\"module_subrow themify_builder_sub_row tf_w col_align_top tb_col_count_3 tb_pmcm003\">\n                <div  data-lazy=\"1\" class=\"module_column sub_column col3-1  tb_3ptc002 first\">\n                    <!-- module text -->\n<div  class=\"module module-text tb_et70030   \" data-lazy=\"1\">\n        <div  class=\"tb_text_wrap\">\n        <div class=\"col-lg-2 col-md-4 col-sm-6 col-xs-12\"><p><strong>Webseiten erstellen<\/strong><\/p><ul><li>Beratung<\/li><li>Webdesign<\/li><li>Entwicklung<\/li><li>Schulung<\/li><li>Landingpages<\/li><\/ul><\/div><div class=\"col-lg-2 col-md-4 col-sm-6 col-xs-12\"><p><strong>WordPress Leistungen<\/strong><\/p><ul><li>Ladezeit Optimierung<\/li><li>Plugins<\/li><li>Updates<\/li><li>Sicherheit<\/li><li>Backups &amp; Sicherung<\/li><li>Service-Vertrag<\/li><\/ul><\/div><div class=\"col-lg-2 col-md-4 col-sm-6 col-xs-12\">\u00a0<\/div>    <\/div>\n<\/div>\n<!-- \/module text -->        <\/div>\n                    <div  data-lazy=\"1\" class=\"module_column sub_column col3-1 tb_luqj001\">\n                    <!-- module text -->\n<div  class=\"module module-text tb_frwj503   \" data-lazy=\"1\">\n        <div  class=\"tb_text_wrap\">\n        <div class=\"col-lg-2 col-md-4 col-sm-6 col-xs-12\"><p><strong>SEO<\/strong><\/p><ul><li>Website Check<\/li><li>Beratung und Planung<\/li><li>On-Site SEO<\/li><li>Off-Site SEO<\/li><li>Textgenerierung<\/li><li>Social Media<\/li><\/ul><\/div><div class=\"col-lg-2 col-md-4 col-sm-6 col-xs-12\"><p><strong>SEA<\/strong><\/p><ul><li>Beratung f\u00fcr SEA Projekte<\/li><li>Konzeption SEA Projekte<\/li><li>Einrichtung<\/li><li>Adaption<\/li><\/ul><\/div><div class=\"col-lg-2 col-md-4 col-sm-6 col-xs-12\">\u00a0<\/div>    <\/div>\n<\/div>\n<!-- \/module text -->        <\/div>\n                    <div  data-lazy=\"1\" class=\"module_column sub_column col3-1  tb_zc9j153 last\">\n                    <!-- module text -->\n<div  class=\"module module-text tb_ulsv600   \" data-lazy=\"1\">\n        <div  class=\"tb_text_wrap\">\n        <div><p><strong>Standards<\/strong><\/p><ul><li>Mehrsprachigkeit<\/li><li>Newsletter<\/li><li>Sicheres Kontaktformular<\/li><li>Google Maps<\/li><li>Google Analytics<\/li><\/ul><\/div><div><p><strong>E-Commerce<\/strong><\/p><ul><li>Shop Beratung<\/li><li>Planung<\/li><li>Design<\/li><li>Umsetzung<\/li><li>Payment Service<\/li><li>Filter und Suchl\u00f6sungen<\/li><li>Warenwirtschaft und FiBu<\/li><li>Affiliate <\/li><\/ul><\/div>    <\/div>\n<\/div>\n<!-- \/module text -->        <\/div>\n                    <\/div>\n                <\/div>\n                        <\/div>\n        <\/div>\n        <\/div>\n<!--\/themify_builder_content-->","protected":false},"excerpt":{"rendered":"<p>Maintenance Plan Eine Webseite kann sehr schnell komplex werden und gerade bei Webseiten mit Wertsch\u00f6pfungsketten wie Onlineverkauf, Services, Kommunikation bzw. Datenaustausch ist jedes Unternehmen auf einen reibungslosen Ablauf angewiesen. Wer jemals einen Datengau hatte, weiss wieviel Arbeit, Geld oder Reputation das kosten kann. Sicherheit und Service bzw. regelm\u00e4ssige Pflege einer Webseite ist an vielen Stellen [&hellip;]<\/p>\n","protected":false},"author":1,"featured_media":0,"parent":0,"menu_order":0,"comment_status":"open","ping_status":"open","template":"","meta":{"footnotes":""},"class_list":["post-2","page","type-page","status-publish","hentry","has-post-title","has-post-date","has-post-category","has-post-tag","has-post-comment","has-post-author",""],"_links":{"self":[{"href":"https:\/\/screenweaver.de\/agency\/wp-json\/wp\/v2\/pages\/2","targetHints":{"allow":["GET"]}}],"collection":[{"href":"https:\/\/screenweaver.de\/agency\/wp-json\/wp\/v2\/pages"}],"about":[{"href":"https:\/\/screenweaver.de\/agency\/wp-json\/wp\/v2\/types\/page"}],"author":[{"embeddable":true,"href":"https:\/\/screenweaver.de\/agency\/wp-json\/wp\/v2\/users\/1"}],"replies":[{"embeddable":true,"href":"https:\/\/screenweaver.de\/agency\/wp-json\/wp\/v2\/comments?post=2"}],"version-history":[{"count":11,"href":"https:\/\/screenweaver.de\/agency\/wp-json\/wp\/v2\/pages\/2\/revisions"}],"predecessor-version":[{"id":15256,"href":"https:\/\/screenweaver.de\/agency\/wp-json\/wp\/v2\/pages\/2\/revisions\/15256"}],"wp:attachment":[{"href":"https:\/\/screenweaver.de\/agency\/wp-json\/wp\/v2\/media?parent=2"}],"curies":[{"name":"wp","href":"https:\/\/api.w.org\/{rel}","templated":true}]}}